{"id":742,"date":"2024-05-29T21:41:19","date_gmt":"2024-05-29T21:41:19","guid":{"rendered":"https:\/\/raxell.ch\/politique-de-confidentialite\/"},"modified":"2024-08-28T08:46:18","modified_gmt":"2024-08-28T08:46:18","slug":"politique-de-confidentialite","status":"publish","type":"page","link":"https:\/\/raxell.ch\/fr\/politique-de-confidentialite\/","title":{"rendered":"Politique de confidentialit\u00e9"},"content":{"rendered":"<p>[et_pb_section fb_built=\u00a0\u00bb1&Prime; next_background_color=\u00a0\u00bb#ffffff\u00a0\u00bb _builder_version=\u00a0\u00bb4.25.1&Prime; _module_preset=\u00a0\u00bbdefault\u00a0\u00bb background_color=\u00a0\u00bb#002F5A\u00a0\u00bb use_background_color_gradient=\u00a0\u00bbon\u00a0\u00bb background_color_gradient_direction=\u00a0\u00bb90deg\u00a0\u00bb background_color_gradient_stops=\u00a0\u00bb#002f5a 0%|#00577c 100%\u00a0\u00bb custom_padding=\u00a0\u00bb||68px|||\u00a0\u00bb bottom_divider_style=\u00a0\u00bbarrow2&Prime; bottom_divider_height=\u00a0\u00bb148px\u00a0\u00bb global_colors_info=\u00a0\u00bb{}\u00a0\u00bb][et_pb_row column_structure=\u00a0\u00bb2_5,3_5&Prime; _builder_version=\u00a0\u00bb4.25.1&Prime; _module_preset=\u00a0\u00bbdefault\u00a0\u00bb min_height=\u00a0\u00bb201px\u00a0\u00bb global_colors_info=\u00a0\u00bb{}\u00a0\u00bb][et_pb_column type=\u00a0\u00bb2_5&Prime; _builder_version=\u00a0\u00bb4.25.1&Prime; _module_preset=\u00a0\u00bbdefault\u00a0\u00bb global_colors_info=\u00a0\u00bb{}\u00a0\u00bb][et_pb_text _builder_version=\u00a0\u00bb4.25.1&Prime; _module_preset=\u00a0\u00bbdefault\u00a0\u00bb text_font=\u00a0\u00bb&#8211;et_global_heading_font|600|||||||\u00a0\u00bb text_text_color=\u00a0\u00bb#FFFFFF\u00a0\u00bb text_font_size=\u00a0\u00bb26px\u00a0\u00bb text_letter_spacing=\u00a0\u00bb1px\u00a0\u00bb text_line_height=\u00a0\u00bb1.5em\u00a0\u00bb header_font=\u00a0\u00bb&#8211;et_global_heading_font|600|||||||\u00a0\u00bb header_text_color=\u00a0\u00bb#F07D00&Prime; header_font_size=\u00a0\u00bb35px\u00a0\u00bb animation_style=\u00a0\u00bbslide\u00a0\u00bb animation_direction=\u00a0\u00bbleft\u00a0\u00bb locked=\u00a0\u00bboff\u00a0\u00bb global_colors_info=\u00a0\u00bb{}\u00a0\u00bb]<\/p>\n<h1>D\u00e9claration de confidentialit\u00e9<\/h1>\n<p>Bienvenue sur <span style=\"color: #ffffff;\"><a rel=\"noreferrer noopener\" target=\"_new\" href=\"http:\/\/www.raxell.ch\" style=\"color: #ffffff;\">www.raxell.ch<\/a><\/span> (\u00ab\u00a0site web\u00a0\u00bb). La pr\u00e9sente d\u00e9claration de confidentialit\u00e9 vous informe de nos politiques concernant la collecte, l&rsquo;utilisation et la divulgation de donn\u00e9es personnelles lorsque vous utilisez notre site web, ainsi que des choix que vous avez associ\u00e9s \u00e0 ces donn\u00e9es.<\/p>\n<p>[\/et_pb_text][\/et_pb_column][et_pb_column type=\u00a0\u00bb3_5&Prime; _builder_version=\u00a0\u00bb4.25.1&Prime; _module_preset=\u00a0\u00bbdefault\u00a0\u00bb global_colors_info=\u00a0\u00bb{}\u00a0\u00bb][et_pb_image src=\u00a0\u00bbhttps:\/\/raxell.ch\/wp-content\/uploads\/2024\/05\/Raxell-Privacy-Policy.jpg\u00a0\u00bb title_text=\u00a0\u00bbRaxell &#8211; Politique de confidentialit\u00e9\u00a0\u00bb _builder_version=\u00a0\u00bb4.25.1&Prime; _module_preset=\u00a0\u00bbdefault\u00a0\u00bb animation_style=\u00a0\u00bbslide\u00a0\u00bb animation_direction=\u00a0\u00bbright\u00a0\u00bb hover_enabled=\u00a0\u00bb0&Prime; border_style_all=\u00a0\u00bbnone\u00a0\u00bb box_shadow_style=\u00a0\u00bbpreset2&Prime; global_colors_info=\u00a0\u00bb{}\u00a0\u00bb sticky_enabled=\u00a0\u00bb0&Prime;][\/et_pb_image][\/et_pb_column][\/et_pb_row][\/et_pb_section][et_pb_section fb_built=\u00a0\u00bb1&Prime; _builder_version=\u00a0\u00bb4.25.1&Prime; _module_preset=\u00a0\u00bbdefault\u00a0\u00bb custom_margin=\u00a0\u00bb11px|||||\u00a0\u00bb custom_padding=\u00a0\u00bb7px||16px|||\u00a0\u00bb global_colors_info=\u00a0\u00bb{}\u00a0\u00bb][et_pb_row _builder_version=\u00a0\u00bb4.25.1&Prime; _module_preset=\u00a0\u00bbdefault\u00a0\u00bb custom_padding=\u00a0\u00bb6px|||||\u00a0\u00bb global_colors_info=\u00a0\u00bb{}\u00a0\u00bb][et_pb_column type=\u00a0\u00bb4_4&Prime; _builder_version=\u00a0\u00bb4.25.1&Prime; _module_preset=\u00a0\u00bbdefault\u00a0\u00bb global_colors_info=\u00a0\u00bb{}\u00a0\u00bb][et_pb_text _builder_version=\u00a0\u00bb4.25.1&Prime; _module_preset=\u00a0\u00bbdefault\u00a0\u00bb ul_font_size=\u00a0\u00bb16px\u00a0\u00bb ul_line_height=\u00a0\u00bb1.9em\u00a0\u00bb header_4_font=\u00a0\u00bb|700|||||||\u00a0\u00bb custom_margin=\u00a0\u00bb||0px|0px|false|false\u00a0\u00bb global_colors_info=\u00a0\u00bb{}\u00a0\u00bb]<\/p>\n<p>Nous utilisons vos donn\u00e9es pour fournir et am\u00e9liorer le service. En utilisant le site web, vous acceptez la collecte et l&rsquo;utilisation d&rsquo;informations conform\u00e9ment \u00e0 la pr\u00e9sente politique.<\/p>\n<h4>Collecte et utilisation des donn\u00e9es<\/h4>\n<p><strong>Types de donn\u00e9es collect\u00e9es :<\/strong><\/p>\n<p><em>Donn\u00e9es personnelles<\/em> Lorsque vous utilisez notre site web, nous pouvons vous demander de nous fournir certaines informations personnellement identifiables qui peuvent \u00eatre utilis\u00e9es pour vous contacter ou vous identifier (\u00ab\u00a0donn\u00e9es personnelles\u00a0\u00bb). Les informations personnellement identifiables peuvent inclure, mais ne sont pas limit\u00e9es \u00e0 :<\/p>\n<ul>\n<li>Adresse \u00e9lectronique<\/li>\n<li>Pr\u00e9nom et nom de famille<\/li>\n<li>Num\u00e9ro de t\u00e9l\u00e9phone<\/li>\n<li>Adresse, \u00c9tat, Province, Code postal, Ville<\/li>\n<li>Cookies et donn\u00e9es d&rsquo;utilisation<\/li>\n<\/ul>\n<p><em>Donn\u00e9es d&rsquo;utilisation<\/em> Nous pouvons \u00e9galement collecter des informations sur la mani\u00e8re dont le site Web est consult\u00e9 et utilis\u00e9 (\u00ab\u00a0client d&rsquo;utilisation\u00a0\u00bb). Ces donn\u00e9es d&rsquo;utilisation peuvent inclure des informations telles que l&rsquo;adresse IP de votre ordinateur, le type et la version de votre navigateur, les pages de notre site web que vous visitez, l&rsquo;heure et la date de votre visite, le temps pass\u00e9 sur ces pages, les identifiants uniques de votre appareil et d&rsquo;autres donn\u00e9es de diagnostic.<\/p>\n<p><em>Donn\u00e9es de suivi et de cookies<\/em> Nous utilisons des cookies et des technologies de suivi similaires pour suivre l&rsquo;activit\u00e9 sur notre site web et conserver certaines informations. Les cookies sont des fichiers contenant une petite quantit\u00e9 de donn\u00e9es qui peuvent inclure un identifiant unique anonyme. Les cookies sont envoy\u00e9s \u00e0 votre navigateur par un site web et stock\u00e9s sur votre appareil. Les technologies de suivi \u00e9galement utilis\u00e9es sont des balises, des tags et des scripts pour collecter et suivre les informations et pour am\u00e9liorer et analyser notre service.<\/p>\n<p><strong>Utilisation des donn\u00e9es<\/strong> Raxell utilise les donn\u00e9es collect\u00e9es \u00e0 diverses fins :<\/p>\n<ul>\n<li>Fournir et maintenir le service<\/li>\n<li>Pour vous informer des modifications apport\u00e9es \u00e0 notre service<\/li>\n<li>pour vous permettre de participer aux fonctions interactives de notre service lorsque vous le souhaitez<\/li>\n<li>Fournir un service d&rsquo;assistance et de soutien \u00e0 la client\u00e8le<\/li>\n<li>Fournir des analyses ou des informations pr\u00e9cieuses afin que nous puissions am\u00e9liorer le service.<\/li>\n<li>Contr\u00f4ler l&rsquo;utilisation du service<\/li>\n<li>D\u00e9tecter, pr\u00e9venir et traiter les probl\u00e8mes techniques<\/li>\n<\/ul>\n<h4>Partage et divulgation des donn\u00e9es<\/h4>\n<p>Nous pouvons divulguer vos donn\u00e9es personnelles si nous pensons qu&rsquo;une telle action est n\u00e9cessaire pour :<\/p>\n<ul>\n<li>Pour se conformer \u00e0 une obligation l\u00e9gale<\/li>\n<li>Prot\u00e9ger et d\u00e9fendre les droits ou la propri\u00e9t\u00e9 de Raxell<\/li>\n<li>pr\u00e9venir ou enqu\u00eater sur d&rsquo;\u00e9ventuels actes r\u00e9pr\u00e9hensibles en rapport avec le service<\/li>\n<li>prot\u00e9ger la s\u00e9curit\u00e9 personnelle des utilisateurs du service ou du public<\/li>\n<li>Se prot\u00e9ger contre la responsabilit\u00e9 juridique<\/li>\n<\/ul>\n<h4>S\u00e9curit\u00e9 des donn\u00e9es<\/h4>\n<p>La s\u00e9curit\u00e9 de vos donn\u00e9es est importante pour nous, mais n&rsquo;oubliez pas qu&rsquo;aucune m\u00e9thode de transmission sur Internet ou de stockage \u00e9lectronique n&rsquo;est s\u00fbre \u00e0 100 %. Bien que nous nous efforcions d&rsquo;utiliser des moyens commercialement acceptables pour prot\u00e9ger vos donn\u00e9es personnelles, nous ne pouvons pas garantir leur s\u00e9curit\u00e9 absolue.<\/p>\n<h4>Vos droits en mati\u00e8re de protection des donn\u00e9es en vertu du r\u00e8glement g\u00e9n\u00e9ral sur la protection des donn\u00e9es (RGPD)<\/h4>\n<p>Si vous r\u00e9sidez dans l&rsquo;Espace \u00e9conomique europ\u00e9en (EEE), vous disposez de certains droits en mati\u00e8re de protection des donn\u00e9es. Raxell s&rsquo;efforce de prendre des mesures raisonnables pour vous permettre de corriger, modifier, supprimer ou limiter l&rsquo;utilisation de vos donn\u00e9es personnelles. Si vous souhaitez \u00eatre inform\u00e9 des donn\u00e9es personnelles que nous d\u00e9tenons \u00e0 votre sujet et si vous souhaitez qu&rsquo;elles soient supprim\u00e9es de nos syst\u00e8mes, veuillez nous contacter.<\/p>\n<p>Vos droits en mati\u00e8re de protection des donn\u00e9es sont les suivants :<\/p>\n<ul>\n<li><strong>Le droit d&rsquo;acc\u00e9der, de mettre \u00e0 jour ou de supprimer les<\/strong> informations que nous d\u00e9tenons sur vous.<\/li>\n<li><strong>Le droit de rectification.<\/strong>  Vous avez le droit de faire rectifier les informations vous concernant qui sont inexactes ou incompl\u00e8tes.<\/li>\n<li><strong>Le droit d&rsquo;opposition.<\/strong>  Vous avez le droit de vous opposer au traitement de vos donn\u00e9es personnelles.<\/li>\n<li><strong>Le droit de restriction.<\/strong>  Vous avez le droit de demander que nous limitions le traitement de vos informations personnelles.<\/li>\n<li><strong>Le droit \u00e0 la portabilit\u00e9 des donn\u00e9es.<\/strong>  Vous avez le droit de recevoir une copie des informations que nous d\u00e9tenons sur vous dans un format structur\u00e9, lisible par machine et couramment utilis\u00e9.<\/li>\n<li><strong>Le droit de retirer son consentement.<\/strong>  Vous avez \u00e9galement le droit de retirer votre consentement \u00e0 tout moment lorsque Raxell s&rsquo;est appuy\u00e9 sur votre consentement pour traiter vos informations personnelles.<\/li>\n<\/ul>\n<p>Veuillez noter que nous pouvons vous demander de v\u00e9rifier votre identit\u00e9 avant de r\u00e9pondre \u00e0 de telles demandes.<\/p>\n<h4>Contactez nous<\/h4>\n<p>Pour plus d&rsquo;informations sur nos pratiques en mati\u00e8re de protection de la vie priv\u00e9e, si vous avez des questions ou si vous souhaitez d\u00e9poser une plainte, veuillez nous contacter par courrier \u00e9lectronique \u00e0 l&rsquo;adresse suivante :<span style=\"font-size: 16px;\"> <\/span><span style=\"font-size: 16px;\">info@raxell.ch<\/span>.<\/p>\n<p>[\/et_pb_text][\/et_pb_column][\/et_pb_row][\/et_pb_section]<\/p>\n","protected":false},"excerpt":{"rendered":"<p>D\u00e9claration de confidentialit\u00e9 Bienvenue sur www.raxell.ch (\u00ab\u00a0site web\u00a0\u00bb). La pr\u00e9sente d\u00e9claration de confidentialit\u00e9 vous informe de nos politiques concernant la collecte, l&rsquo;utilisation et la divulgation de donn\u00e9es personnelles lorsque vous utilisez notre site web, ainsi que des choix que vous avez associ\u00e9s \u00e0 ces donn\u00e9es.Nous utilisons vos donn\u00e9es pour fournir et am\u00e9liorer le service. En [&hellip;]<\/p>\n","protected":false},"author":1,"featured_media":0,"parent":0,"menu_order":0,"comment_status":"closed","ping_status":"closed","template":"","meta":{"_et_pb_use_builder":"on","_et_pb_old_content":"","_et_gb_content_width":"","footnotes":""},"class_list":["post-742","page","type-page","status-publish","hentry"],"_links":{"self":[{"href":"https:\/\/raxell.ch\/fr\/wp-json\/wp\/v2\/pages\/742","targetHints":{"allow":["GET"]}}],"collection":[{"href":"https:\/\/raxell.ch\/fr\/wp-json\/wp\/v2\/pages"}],"about":[{"href":"https:\/\/raxell.ch\/fr\/wp-json\/wp\/v2\/types\/page"}],"author":[{"embeddable":true,"href":"https:\/\/raxell.ch\/fr\/wp-json\/wp\/v2\/users\/1"}],"replies":[{"embeddable":true,"href":"https:\/\/raxell.ch\/fr\/wp-json\/wp\/v2\/comments?post=742"}],"version-history":[{"count":4,"href":"https:\/\/raxell.ch\/fr\/wp-json\/wp\/v2\/pages\/742\/revisions"}],"predecessor-version":[{"id":923,"href":"https:\/\/raxell.ch\/fr\/wp-json\/wp\/v2\/pages\/742\/revisions\/923"}],"wp:attachment":[{"href":"https:\/\/raxell.ch\/fr\/wp-json\/wp\/v2\/media?parent=742"}],"curies":[{"name":"wp","href":"https:\/\/api.w.org\/{rel}","templated":true}]}}