{"id":751,"date":"2024-05-29T21:34:37","date_gmt":"2024-05-29T21:34:37","guid":{"rendered":"https:\/\/raxell.ch\/conditions-dutilisation\/"},"modified":"2024-08-28T08:46:14","modified_gmt":"2024-08-28T08:46:14","slug":"conditions-dutilisation","status":"publish","type":"page","link":"https:\/\/raxell.ch\/fr\/conditions-dutilisation\/","title":{"rendered":"Conditions d&rsquo;utilisation"},"content":{"rendered":"<p>[et_pb_section fb_built=\u00a0\u00bb1&Prime; next_background_color=\u00a0\u00bb#ffffff\u00a0\u00bb _builder_version=\u00a0\u00bb4.25.1&Prime; _module_preset=\u00a0\u00bbdefault\u00a0\u00bb background_color=\u00a0\u00bb#002F5A\u00a0\u00bb use_background_color_gradient=\u00a0\u00bbon\u00a0\u00bb background_color_gradient_direction=\u00a0\u00bb90deg\u00a0\u00bb background_color_gradient_stops=\u00a0\u00bb#002f5a 0%|#00577c 100%\u00a0\u00bb custom_padding=\u00a0\u00bb||38px|||\u00a0\u00bb bottom_divider_style=\u00a0\u00bbarrow2&Prime; bottom_divider_height=\u00a0\u00bb148px\u00a0\u00bb global_colors_info=\u00a0\u00bb{}\u00a0\u00bb][et_pb_row column_structure=\u00a0\u00bb2_5,3_5&Prime; _builder_version=\u00a0\u00bb4.25.1&Prime; _module_preset=\u00a0\u00bbdefault\u00a0\u00bb min_height=\u00a0\u00bb201px\u00a0\u00bb global_colors_info=\u00a0\u00bb{}\u00a0\u00bb][et_pb_column type=\u00a0\u00bb2_5&Prime; _builder_version=\u00a0\u00bb4.25.1&Prime; _module_preset=\u00a0\u00bbdefault\u00a0\u00bb global_colors_info=\u00a0\u00bb{}\u00a0\u00bb][et_pb_text _builder_version=\u00a0\u00bb4.25.1&Prime; _module_preset=\u00a0\u00bbdefault\u00a0\u00bb text_font=\u00a0\u00bb&#8211;et_global_heading_font|600|||||||\u00a0\u00bb text_text_color=\u00a0\u00bb#FFFFFF\u00a0\u00bb text_font_size=\u00a0\u00bb26px\u00a0\u00bb text_letter_spacing=\u00a0\u00bb1px\u00a0\u00bb text_line_height=\u00a0\u00bb1.5em\u00a0\u00bb header_font=\u00a0\u00bb&#8211;et_global_heading_font|600|||||||\u00a0\u00bb header_text_color=\u00a0\u00bb#F07D00&Prime; header_font_size=\u00a0\u00bb35px\u00a0\u00bb animation_style=\u00a0\u00bbslide\u00a0\u00bb animation_direction=\u00a0\u00bbleft\u00a0\u00bb locked=\u00a0\u00bboff\u00a0\u00bb global_colors_info=\u00a0\u00bb{}\u00a0\u00bb]<\/p>\n<h1>Conditions d&rsquo;utilisation<\/h1>\n<p>Les pr\u00e9sentes conditions g\u00e9n\u00e9rales r\u00e9gissent votre utilisation de <a rel=\"noreferrer noopener\" target=\"_new\" href=\"http:\/\/www.raxell.ch\">www.raxell.ch<\/a> et des services qui y sont associ\u00e9s. En acc\u00e9dant au site web ou en l&rsquo;utilisant, vous acceptez d&rsquo;\u00eatre li\u00e9 par les pr\u00e9sentes conditions.  <\/p>\n<p>[\/et_pb_text][\/et_pb_column][et_pb_column type=\u00a0\u00bb3_5&Prime; _builder_version=\u00a0\u00bb4.25.1&Prime; _module_preset=\u00a0\u00bbdefault\u00a0\u00bb global_colors_info=\u00a0\u00bb{}\u00a0\u00bb][et_pb_image src=\u00a0\u00bbhttps:\/\/raxell.ch\/wp-content\/uploads\/2024\/05\/Raxell-Terms-of-Use.jpg\u00a0\u00bb title_text=\u00a0\u00bbRaxell &#8211; Conditions d&apos;utilisation\u00a0\u00bb _builder_version=\u00a0\u00bb4.25.1&Prime; _module_preset=\u00a0\u00bbdefault\u00a0\u00bb animation_style=\u00a0\u00bbslide\u00a0\u00bb animation_direction=\u00a0\u00bbright\u00a0\u00bb hover_enabled=\u00a0\u00bb0&Prime; border_style_all=\u00a0\u00bbnone\u00a0\u00bb box_shadow_style=\u00a0\u00bbpreset2&Prime; global_colors_info=\u00a0\u00bb{}\u00a0\u00bb sticky_enabled=\u00a0\u00bb0&Prime;][\/et_pb_image][\/et_pb_column][\/et_pb_row][\/et_pb_section][et_pb_section fb_built=\u00a0\u00bb1&Prime; _builder_version=\u00a0\u00bb4.25.1&Prime; _module_preset=\u00a0\u00bbdefault\u00a0\u00bb custom_padding=\u00a0\u00bb24px||16px|||\u00a0\u00bb global_colors_info=\u00a0\u00bb{}\u00a0\u00bb][et_pb_row _builder_version=\u00a0\u00bb4.25.1&Prime; _module_preset=\u00a0\u00bbdefault\u00a0\u00bb custom_padding=\u00a0\u00bb6px|||||\u00a0\u00bb global_colors_info=\u00a0\u00bb{}\u00a0\u00bb][et_pb_column type=\u00a0\u00bb4_4&Prime; _builder_version=\u00a0\u00bb4.25.1&Prime; _module_preset=\u00a0\u00bbdefault\u00a0\u00bb global_colors_info=\u00a0\u00bb{}\u00a0\u00bb][et_pb_text _builder_version=\u00a0\u00bb4.25.1&Prime; _module_preset=\u00a0\u00bbdefault\u00a0\u00bb ul_font_size=\u00a0\u00bb16px\u00a0\u00bb ul_line_height=\u00a0\u00bb1.9em\u00a0\u00bb header_4_font=\u00a0\u00bb|700|||||||\u00a0\u00bb custom_margin=\u00a0\u00bb||0px|0px|false|false\u00a0\u00bb global_colors_info=\u00a0\u00bb{}\u00a0\u00bb]<\/p>\n<p>Si vous n&rsquo;\u00eates pas d&rsquo;accord avec une partie des conditions, vous n&rsquo;\u00eates pas autoris\u00e9 \u00e0 acc\u00e9der au site web.<\/p>\n<h4>Utilisation du site web<\/h4>\n<p>Ce site Internet fournit des informations sur nos produits et services. Vous disposez d&rsquo;une licence limit\u00e9e vous permettant d&rsquo;acc\u00e9der au site web et de l&rsquo;utiliser, ainsi que de t\u00e9l\u00e9charger ou d&rsquo;imprimer une copie de toute partie du contenu \u00e0 laquelle vous avez d\u00fbment acc\u00e9d\u00e9, uniquement pour votre usage personnel et non commercial.<\/p>\n<h4>Comportement de l&rsquo;utilisateur<\/h4>\n<p>Vous acceptez de ne pas utiliser le site web d&rsquo;une mani\u00e8re qui :<\/p>\n<ul>\n<li>Peut nuire au bon fonctionnement du site web ;<\/li>\n<li>enfreint ou viole les droits de propri\u00e9t\u00e9 intellectuelle ou les droits de propri\u00e9t\u00e9, les droits de publicit\u00e9 ou de respect de la vie priv\u00e9e, ou d&rsquo;autres droits d&rsquo;un tiers ;<\/li>\n<li>enfreint une loi, un statut, une ordonnance ou un r\u00e8glement ;<\/li>\n<li>est nuisible, frauduleux, trompeur, mena\u00e7ant, abusif, harcelant, d\u00e9lictueux, diffamatoire, vulgaire, obsc\u00e8ne, calomnieux ou autrement r\u00e9pr\u00e9hensible.<\/li>\n<\/ul>\n<h4>Droits de propri\u00e9t\u00e9 intellectuelle<\/h4>\n<p>Le contenu du site web, y compris, mais sans s&rsquo;y limiter, les textes, logiciels, scripts, graphiques, photos, sons, musiques, vid\u00e9os et fonctions interactives, ainsi que les marques commerciales, marques de service et logos qu&rsquo;il contient, sont la propri\u00e9t\u00e9 de Raxell ou lui sont conc\u00e9d\u00e9s sous licence, et sont soumis aux droits d&rsquo;auteur et autres droits de propri\u00e9t\u00e9 intellectuelle pr\u00e9vus par les lois suisses et \u00e9trang\u00e8res ainsi que par les conventions internationales.<\/p>\n<h4>Clause de non-responsabilit\u00e9 et limitation de responsabilit\u00e9<\/h4>\n<p>Le site web est fourni \u00ab\u00a0en l&rsquo;\u00e9tat\u00a0\u00bb et \u00ab\u00a0selon les disponibilit\u00e9s\u00a0\u00bb. Raxell et ses filiales, soci\u00e9t\u00e9s affili\u00e9es, dirigeants, employ\u00e9s, agents, partenaires et conc\u00e9dants de licence d\u00e9clinent express\u00e9ment toute garantie de quelque nature que ce soit, expresse ou implicite, y compris, mais sans s&rsquo;y limiter, les garanties implicites de qualit\u00e9 marchande, d&rsquo;ad\u00e9quation \u00e0 un usage particulier et d&rsquo;absence de contrefa\u00e7on. En aucun cas Raxell ne pourra \u00eatre tenu responsable des dommages indirects, accessoires, sp\u00e9ciaux, punitifs, accrus ou cons\u00e9cutifs, des pertes de profits, de revenus, de donn\u00e9es, de client\u00e8le ou d&rsquo;utilisation, subis par vous ou par un tiers, que ce soit dans le cadre d&rsquo;une action contractuelle ou d\u00e9lictuelle, r\u00e9sultant de votre acc\u00e8s ou de votre utilisation du site web ou de tout contenu qui y est fourni.<\/p>\n<h4>Droit applicable<\/h4>\n<p>Les pr\u00e9sentes conditions sont r\u00e9gies et interpr\u00e9t\u00e9es conform\u00e9ment au droit suisse, sans tenir compte des dispositions relatives aux conflits de lois.<\/p>\n<h4>Changements<\/h4>\n<p>Nous nous r\u00e9servons le droit, \u00e0 notre seule discr\u00e9tion, de modifier ou de remplacer les pr\u00e9sentes conditions \u00e0 tout moment. Ce qui constitue un changement important sera d\u00e9termin\u00e9 \u00e0 notre seule discr\u00e9tion.<\/p>\n<h4>Contactez nous<\/h4>\n<p>Si vous avez des questions concernant ces conditions, veuillez nous contacter \u00e0 l&rsquo;adresse <span style=\"font-size: 16px; color: #002f5a; font-family: 'Open Sans', Helvetica, Arial, Lucida, sans-serif; font-weight: 500;\">info@raxell.ch<\/span>.<\/p>\n<p>[\/et_pb_text][\/et_pb_column][\/et_pb_row][\/et_pb_section]<\/p>\n","protected":false},"excerpt":{"rendered":"<p>Conditions d&rsquo;utilisation Les pr\u00e9sentes conditions g\u00e9n\u00e9rales r\u00e9gissent votre utilisation de www.raxell.ch et des services qui y sont associ\u00e9s. En acc\u00e9dant au site web ou en l&rsquo;utilisant, vous acceptez d&rsquo;\u00eatre li\u00e9 par les pr\u00e9sentes conditions. Si vous n&rsquo;\u00eates pas d&rsquo;accord avec une partie des conditions, vous n&rsquo;\u00eates pas autoris\u00e9 \u00e0 acc\u00e9der au site web. Utilisation du [&hellip;]<\/p>\n","protected":false},"author":1,"featured_media":0,"parent":0,"menu_order":0,"comment_status":"closed","ping_status":"closed","template":"","meta":{"_et_pb_use_builder":"on","_et_pb_old_content":"","_et_gb_content_width":"","footnotes":""},"class_list":["post-751","page","type-page","status-publish","hentry"],"_links":{"self":[{"href":"https:\/\/raxell.ch\/fr\/wp-json\/wp\/v2\/pages\/751","targetHints":{"allow":["GET"]}}],"collection":[{"href":"https:\/\/raxell.ch\/fr\/wp-json\/wp\/v2\/pages"}],"about":[{"href":"https:\/\/raxell.ch\/fr\/wp-json\/wp\/v2\/types\/page"}],"author":[{"embeddable":true,"href":"https:\/\/raxell.ch\/fr\/wp-json\/wp\/v2\/users\/1"}],"replies":[{"embeddable":true,"href":"https:\/\/raxell.ch\/fr\/wp-json\/wp\/v2\/comments?post=751"}],"version-history":[{"count":4,"href":"https:\/\/raxell.ch\/fr\/wp-json\/wp\/v2\/pages\/751\/revisions"}],"predecessor-version":[{"id":921,"href":"https:\/\/raxell.ch\/fr\/wp-json\/wp\/v2\/pages\/751\/revisions\/921"}],"wp:attachment":[{"href":"https:\/\/raxell.ch\/fr\/wp-json\/wp\/v2\/media?parent=751"}],"curies":[{"name":"wp","href":"https:\/\/api.w.org\/{rel}","templated":true}]}}