{"id":761,"date":"2024-05-29T20:55:06","date_gmt":"2024-05-29T20:55:06","guid":{"rendered":"https:\/\/raxell.ch\/clause-de-non-responsabilite\/"},"modified":"2024-08-28T08:46:14","modified_gmt":"2024-08-28T08:46:14","slug":"clause-de-non-responsabilite","status":"publish","type":"page","link":"https:\/\/raxell.ch\/fr\/clause-de-non-responsabilite\/","title":{"rendered":"Clause de non-responsabilit\u00e9"},"content":{"rendered":"<p>[et_pb_section fb_built=\u00a0\u00bb1&Prime; next_background_color=\u00a0\u00bb#ffffff\u00a0\u00bb _builder_version=\u00a0\u00bb4.25.1&Prime; _module_preset=\u00a0\u00bbdefault\u00a0\u00bb background_color=\u00a0\u00bb#002F5A\u00a0\u00bb use_background_color_gradient=\u00a0\u00bbon\u00a0\u00bb background_color_gradient_direction=\u00a0\u00bb90deg\u00a0\u00bb background_color_gradient_stops=\u00a0\u00bb#002f5a 0%|#00577c 100%\u00a0\u00bb custom_padding=\u00a0\u00bb||38px|||\u00a0\u00bb bottom_divider_style=\u00a0\u00bbarrow2&Prime; bottom_divider_height=\u00a0\u00bb148px\u00a0\u00bb global_colors_info=\u00a0\u00bb{}\u00a0\u00bb][et_pb_row column_structure=\u00a0\u00bb2_5,3_5&Prime; _builder_version=\u00a0\u00bb4.25.1&Prime; _module_preset=\u00a0\u00bbdefault\u00a0\u00bb min_height=\u00a0\u00bb201px\u00a0\u00bb global_colors_info=\u00a0\u00bb{}\u00a0\u00bb][et_pb_column type=\u00a0\u00bb2_5&Prime; _builder_version=\u00a0\u00bb4.25.1&Prime; _module_preset=\u00a0\u00bbdefault\u00a0\u00bb global_colors_info=\u00a0\u00bb{}\u00a0\u00bb][et_pb_text _builder_version=\u00a0\u00bb4.25.1&Prime; _module_preset=\u00a0\u00bbdefault\u00a0\u00bb text_font=\u00a0\u00bb&#8211;et_global_heading_font|600|||||||\u00a0\u00bb text_text_color=\u00a0\u00bb#FFFFFF\u00a0\u00bb text_font_size=\u00a0\u00bb26px\u00a0\u00bb text_letter_spacing=\u00a0\u00bb1px\u00a0\u00bb text_line_height=\u00a0\u00bb1.5em\u00a0\u00bb header_font=\u00a0\u00bb&#8211;et_global_heading_font|600|||||||\u00a0\u00bb header_text_color=\u00a0\u00bb#F07D00&Prime; header_font_size=\u00a0\u00bb35px\u00a0\u00bb animation_style=\u00a0\u00bbslide\u00a0\u00bb animation_direction=\u00a0\u00bbleft\u00a0\u00bb locked=\u00a0\u00bboff\u00a0\u00bb global_colors_info=\u00a0\u00bb{}\u00a0\u00bb]<\/p>\n<h1>Clause de non-responsabilit\u00e9 g\u00e9n\u00e9rale<\/h1>\n<p>Les informations contenues dans le site <a rel=\"noreferrer noopener\" target=\"_new\" href=\"http:\/\/www.raxell.ch\"><span style=\"color: #ffffff;\">www.raxell.ch<\/span><\/a> ne sont donn\u00e9es qu&rsquo;\u00e0 titre d&rsquo;information g\u00e9n\u00e9rale. Raxell n&rsquo;assume aucune responsabilit\u00e9 pour les erreurs ou omissions dans le contenu du Service.<\/p>\n<p>[\/et_pb_text][\/et_pb_column][et_pb_column type=\u00a0\u00bb3_5&Prime; _builder_version=\u00a0\u00bb4.25.1&Prime; _module_preset=\u00a0\u00bbdefault\u00a0\u00bb global_colors_info=\u00a0\u00bb{}\u00a0\u00bb][et_pb_image src=\u00a0\u00bbhttps:\/\/raxell.ch\/wp-content\/uploads\/2024\/05\/Raxell-Disclaimer.jpg\u00a0\u00bb title_text=\u00a0\u00bbRaxell &#8211; Avis de non-responsabilit\u00e9\u00a0\u00bb _builder_version=\u00a0\u00bb4.25.1&Prime; _module_preset=\u00a0\u00bbdefault\u00a0\u00bb animation_style=\u00a0\u00bbslide\u00a0\u00bb animation_direction=\u00a0\u00bbright\u00a0\u00bb hover_enabled=\u00a0\u00bb0&Prime; border_style_all=\u00a0\u00bbnone\u00a0\u00bb box_shadow_style=\u00a0\u00bbpreset2&Prime; global_colors_info=\u00a0\u00bb{}\u00a0\u00bb sticky_enabled=\u00a0\u00bb0&Prime;][\/et_pb_image][\/et_pb_column][\/et_pb_row][\/et_pb_section][et_pb_section fb_built=\u00a0\u00bb1&Prime; _builder_version=\u00a0\u00bb4.25.1&Prime; _module_preset=\u00a0\u00bbdefault\u00a0\u00bb custom_padding=\u00a0\u00bb24px||16px|||\u00a0\u00bb global_colors_info=\u00a0\u00bb{}\u00a0\u00bb][et_pb_row _builder_version=\u00a0\u00bb4.25.1&Prime; _module_preset=\u00a0\u00bbdefault\u00a0\u00bb custom_padding=\u00a0\u00bb6px|||||\u00a0\u00bb global_colors_info=\u00a0\u00bb{}\u00a0\u00bb][et_pb_column type=\u00a0\u00bb4_4&Prime; _builder_version=\u00a0\u00bb4.25.1&Prime; _module_preset=\u00a0\u00bbdefault\u00a0\u00bb global_colors_info=\u00a0\u00bb{}\u00a0\u00bb][et_pb_text _builder_version=\u00a0\u00bb4.25.1&Prime; _module_preset=\u00a0\u00bbdefault\u00a0\u00bb ul_font_size=\u00a0\u00bb16px\u00a0\u00bb ul_line_height=\u00a0\u00bb1.9em\u00a0\u00bb header_4_font=\u00a0\u00bb|700|||||||\u00a0\u00bb custom_margin=\u00a0\u00bb||0px|0px|false|false\u00a0\u00bb global_colors_info=\u00a0\u00bb{}\u00a0\u00bb]<\/p>\n<h4>Liens externes Disclaimer<\/h4>\n<p><a rel=\"noreferrer noopener\" target=\"_new\" href=\"http:\/\/www.raxell.ch\">www.raxell.ch<\/a> peut contenir des liens vers des sites web externes qui ne sont pas fournis ou maintenus par Raxell ou qui ne sont pas affili\u00e9s de quelque mani\u00e8re que ce soit \u00e0 Raxell. Veuillez noter que Raxell ne garantit pas l&rsquo;exactitude, la pertinence, l&rsquo;actualit\u00e9 ou l&rsquo;exhaustivit\u00e9 des informations figurant sur ces sites Web externes.<\/p>\n<h4>Clause de non-responsabilit\u00e9 en cas d&rsquo;erreur ou d&rsquo;omission<\/h4>\n<p>Les informations fournies par le Service sont donn\u00e9es \u00e0 titre d&rsquo;orientation g\u00e9n\u00e9rale sur des questions d&rsquo;int\u00e9r\u00eat uniquement. M\u00eame si Raxell prend toutes les pr\u00e9cautions pour s&rsquo;assurer que le contenu du Service est \u00e0 la fois actuel et exact, des erreurs peuvent survenir. En outre, compte tenu de la nature changeante des lois, r\u00e8gles et r\u00e8glements, il peut y avoir des retards, des omissions ou des inexactitudes dans les informations contenues dans le service.<\/p>\n<h4>Clause de non-responsabilit\u00e9 concernant l&rsquo;utilisation \u00e9quitable<\/h4>\n<p>Certains contenus de notre site Internet peuvent utiliser des \u00e9l\u00e9ments prot\u00e9g\u00e9s par des droits d&rsquo;auteur qui n&rsquo;ont pas toujours \u00e9t\u00e9 sp\u00e9cifiquement autoris\u00e9s par le d\u00e9tenteur des droits d&rsquo;auteur. Raxell met ce mat\u00e9riel \u00e0 disposition dans le but de faire progresser la compr\u00e9hension des questions li\u00e9es \u00e0 l&rsquo;environnement, \u00e0 la politique, aux droits de l&rsquo;homme, \u00e0 l&rsquo;\u00e9conomie, \u00e0 la d\u00e9mocratie, \u00e0 la justice sociale, etc. Nous pensons qu&rsquo;il s&rsquo;agit d&rsquo;une \u00ab\u00a0utilisation \u00e9quitable\u00a0\u00bb de tout mat\u00e9riel prot\u00e9g\u00e9 par des droits d&rsquo;auteur, comme le pr\u00e9voit la loi sur les droits d&rsquo;auteur.<\/p>\n<h4>Pas de conseil professionnel<\/h4>\n<p>Les informations disponibles sur le site web sont destin\u00e9es \u00e0 servir de source d&rsquo;information g\u00e9n\u00e9rale sur les sujets trait\u00e9s et ne sont pas adapt\u00e9es \u00e0 votre situation sp\u00e9cifique. Il ne s&rsquo;agit pas d&rsquo;un avis professionnel et ne doit pas \u00eatre interpr\u00e9t\u00e9 comme tel.<\/p>\n<h4>Limitation des garanties<\/h4>\n<p>Les informations juridiques figurant sur le site web sont fournies \u00ab\u00a0en l&rsquo;\u00e9tat\u00a0\u00bb, sans aucune d\u00e9claration ni garantie, expresse ou implicite. Raxell ne fait aucune d\u00e9claration et ne donne aucune garantie concernant les informations juridiques figurant sur le site web.<\/p>\n<h4>Contactez nous<\/h4>\n<p>Pour toute pr\u00e9occupation ou question concernant cette clause de non-responsabilit\u00e9, veuillez nous contacter par courrier \u00e9lectronique \u00e0 l&rsquo;adresse info@raxell.ch.<\/p>\n<p>[\/et_pb_text][\/et_pb_column][\/et_pb_row][\/et_pb_section]<\/p>\n","protected":false},"excerpt":{"rendered":"<p>Clause de non-responsabilit\u00e9 g\u00e9n\u00e9rale Les informations contenues dans le site www.raxell.ch ne sont donn\u00e9es qu&rsquo;\u00e0 titre d&rsquo;information g\u00e9n\u00e9rale. Raxell n&rsquo;assume aucune responsabilit\u00e9 pour les erreurs ou omissions dans le contenu du Service.Liens externes Disclaimer www.raxell.ch peut contenir des liens vers des sites web externes qui ne sont pas fournis ou maintenus par Raxell ou qui [&hellip;]<\/p>\n","protected":false},"author":1,"featured_media":0,"parent":0,"menu_order":0,"comment_status":"closed","ping_status":"closed","template":"","meta":{"_et_pb_use_builder":"on","_et_pb_old_content":"","_et_gb_content_width":"","footnotes":""},"class_list":["post-761","page","type-page","status-publish","hentry"],"_links":{"self":[{"href":"https:\/\/raxell.ch\/fr\/wp-json\/wp\/v2\/pages\/761","targetHints":{"allow":["GET"]}}],"collection":[{"href":"https:\/\/raxell.ch\/fr\/wp-json\/wp\/v2\/pages"}],"about":[{"href":"https:\/\/raxell.ch\/fr\/wp-json\/wp\/v2\/types\/page"}],"author":[{"embeddable":true,"href":"https:\/\/raxell.ch\/fr\/wp-json\/wp\/v2\/users\/1"}],"replies":[{"embeddable":true,"href":"https:\/\/raxell.ch\/fr\/wp-json\/wp\/v2\/comments?post=761"}],"version-history":[{"count":4,"href":"https:\/\/raxell.ch\/fr\/wp-json\/wp\/v2\/pages\/761\/revisions"}],"predecessor-version":[{"id":919,"href":"https:\/\/raxell.ch\/fr\/wp-json\/wp\/v2\/pages\/761\/revisions\/919"}],"wp:attachment":[{"href":"https:\/\/raxell.ch\/fr\/wp-json\/wp\/v2\/media?parent=761"}],"curies":[{"name":"wp","href":"https:\/\/api.w.org\/{rel}","templated":true}]}}